{"id":1120,"date":"2025-06-21T00:05:20","date_gmt":"2025-06-21T00:05:20","guid":{"rendered":"https:\/\/electrocarepro.cl\/?page_id=1120"},"modified":"2025-06-21T01:20:32","modified_gmt":"2025-06-21T01:20:32","slug":"quienes-somos-2","status":"publish","type":"page","link":"https:\/\/electrocarepro.cl\/?page_id=1120","title":{"rendered":"Quienes Somos"},"content":{"rendered":"<div data-colibri-id=\"1120-c1\" class=\"style-507 style-local-1120-c1 position-relative\">\n  <!---->\n  <div data-colibri-component=\"section\" data-colibri-id=\"1120-c2\" id=\"main\" class=\"h-section h-section-global-spacing d-flex align-items-lg-center align-items-md-center align-items-center style-508 style-local-1120-c2 position-relative\">\n    <!---->\n    <!---->\n    <div class=\"h-section-grid-container h-section-boxed-container\">\n      <!---->\n      <div data-colibri-id=\"1120-c3\" class=\"h-row-container gutters-row-lg-2 gutters-row-md-2 gutters-row-0 gutters-row-v-lg-2 gutters-row-v-md-2 gutters-row-v-2 style-511 style-local-1120-c3 position-relative\">\n        <!---->\n        <div class=\"h-row justify-content-lg-center justify-content-md-center justify-content-center align-items-lg-stretch align-items-md-stretch align-items-stretch gutters-col-lg-2 gutters-col-md-2 gutters-col-0 gutters-col-v-lg-2 gutters-col-v-md-2 gutters-col-v-2\">\n          <!---->\n          <div class=\"h-column h-column-container d-flex h-col-lg-12 h-col-md-12 h-col-12 style-512-outer style-local-1120-c4-outer\">\n            <div data-colibri-id=\"1120-c4\" class=\"d-flex h-flex-basis h-column__inner h-px-lg-2 h-px-md-2 h-px-2 v-inner-lg-2 v-inner-md-2 v-inner-2 style-512 style-local-1120-c4 position-relative\">\n              <!---->\n              <!---->\n              <div class=\"w-100 h-y-container h-column__content h-column__v-align flex-basis-100 align-self-lg-start align-self-md-start align-self-start\">\n                <!---->\n                <div data-colibri-id=\"1120-c5\" class=\"h-global-transition-all h-heading style-513 style-local-1120-c5 position-relative h-element\">\n                  <!---->\n                  <div class=\"h-heading__outer style-513 style-local-1120-c5\">\n                    <!---->\n                    <!---->\n                    <h2 class=\"\">\u00bfQUI\u00c9NES SOMOS?<\/h2>\n                  <\/div>\n                <\/div>\n              <\/div>\n            <\/div>\n          <\/div>\n        <\/div>\n      <\/div>\n      <div data-colibri-id=\"1120-c6\" class=\"h-row-container gutters-row-lg-2 gutters-row-md-2 gutters-row-0 gutters-row-v-lg-2 gutters-row-v-md-2 gutters-row-v-2 style-531 style-local-1120-c6 position-relative\">\n        <!---->\n        <div class=\"h-row justify-content-lg-center justify-content-md-center justify-content-center align-items-lg-stretch align-items-md-stretch align-items-stretch gutters-col-lg-2 gutters-col-md-2 gutters-col-0 gutters-col-v-lg-2 gutters-col-v-md-2 gutters-col-v-2\">\n          <!---->\n          <div class=\"h-column h-column-container d-flex h-col-lg-auto h-col-md-auto h-col-auto style-532-outer style-local-1120-c7-outer\">\n            <div data-colibri-id=\"1120-c7\" class=\"d-flex h-flex-basis h-column__inner h-px-lg-2 h-px-md-2 h-px-2 v-inner-lg-2 v-inner-md-2 v-inner-2 style-532 style-local-1120-c7 position-relative\">\n              <!---->\n              <!---->\n              <div class=\"w-100 h-y-container h-column__content h-column__v-align flex-basis-100 align-self-lg-start align-self-md-start align-self-start\">\n                <!---->\n                <div data-colibri-id=\"1120-c8\" class=\"h-lead h-text h-text-component style-526 style-local-1120-c8 position-relative h-element\">\n                  <!---->\n                  <!---->\n                  <div class=\"\">\n                    <p>En Electrocarepro Spa somos especialistas en soluciones integrales para tu industria.<\/p>\n                    <p>Con expertise en mantenci\u00f3n de salas de bombas, tableros el\u00e9ctricos, gasfiter\u00eda y electromec\u00e1nica industrial, garantizamos eficiencia, seguridad y continuidad operativa.<\/p>\n                  <\/div>\n                <\/div>\n                <div data-colibri-id=\"1120-c9\" class=\"h-lead h-text h-text-component style-527 style-local-1120-c9 position-relative h-element\">\n                  <!---->\n                  <!---->\n                  <div class=\"\">\n                    <p>\u00abNo solo resolvemos problemas, prevenimos fallas aplicando nuestra ideolog\u00eda de las 6 P (Pr\u00e1cicas Preventivas Previas Protegen de Procesos Pobres)\u00bb<\/p>\n                  <\/div>\n                <\/div>\n              <\/div>\n            <\/div>\n          <\/div>\n        <\/div>\n      <\/div>\n      <div data-colibri-id=\"1120-c10\" class=\"h-row-container gutters-row-lg-2 gutters-row-md-2 gutters-row-0 gutters-row-v-lg-2 gutters-row-v-md-2 gutters-row-v-2 style-536 style-local-1120-c10 position-relative\">\n        <!---->\n        <div class=\"h-row justify-content-lg-center justify-content-md-center justify-content-center align-items-lg-stretch align-items-md-stretch align-items-stretch gutters-col-lg-2 gutters-col-md-2 gutters-col-0 gutters-col-v-lg-2 gutters-col-v-md-2 gutters-col-v-2\">\n          <!---->\n          <div class=\"h-column h-column-container d-flex h-col-lg-auto h-col-md-auto h-col-auto style-537-outer style-local-1120-c11-outer\">\n            <div data-colibri-id=\"1120-c11\" class=\"d-flex h-flex-basis h-column__inner h-px-lg-2 h-px-md-2 h-px-2 v-inner-lg-2 v-inner-md-2 v-inner-2 style-537 style-local-1120-c11 position-relative\">\n              <!---->\n              <!---->\n              <div class=\"w-100 h-y-container h-column__content h-column__v-align flex-basis-100 align-self-lg-start align-self-md-start align-self-start\">\n                <!---->\n                <div data-colibri-id=\"1120-c12\" class=\"h-global-transition-all h-heading style-538 style-local-1120-c12 position-relative h-element\">\n                  <!---->\n                  <div class=\"h-heading__outer style-538 style-local-1120-c12\">\n                    <!---->\n                    <!---->\n                    <h2 class=\"\">MISI\u00d3N<\/h2>\n                  <\/div>\n                <\/div>\n              <\/div>\n            <\/div>\n          <\/div>\n        <\/div>\n      <\/div>\n      <div data-colibri-id=\"1120-c13\" class=\"h-row-container gutters-row-lg-1 gutters-row-md-1 gutters-row-0 gutters-row-v-lg-1 gutters-row-v-md-1 gutters-row-v-1 style-533 style-local-1120-c13 position-relative\">\n        <!---->\n        <div class=\"h-row justify-content-lg-center justify-content-md-center justify-content-center align-items-lg-stretch align-items-md-stretch align-items-stretch gutters-col-lg-1 gutters-col-md-1 gutters-col-0 gutters-col-v-lg-1 gutters-col-v-md-1 gutters-col-v-1\">\n          <!---->\n          <div class=\"h-column h-column-container d-flex h-col-lg-auto h-col-md-auto h-col-auto style-534-outer style-local-1120-c14-outer\">\n            <div data-colibri-id=\"1120-c14\" class=\"d-flex h-flex-basis h-column__inner h-px-lg-1 h-px-md-1 h-px-1 v-inner-lg-1 v-inner-md-1 v-inner-1 style-534 style-local-1120-c14 position-relative\">\n              <!---->\n              <!---->\n              <div class=\"w-100 h-y-container h-column__content h-column__v-align flex-basis-100 align-self-lg-start align-self-md-start align-self-start\">\n                <!---->\n                <div data-colibri-id=\"1120-c15\" class=\"h-lead h-text h-text-component style-535 style-local-1120-c15 position-relative h-element\">\n                  <!---->\n                  <!---->\n                  <div class=\"\">\n                    <p>Brindar soluciones t\u00e9cnicas integrales en electricidad, hidr\u00e1ulica y neum\u00e1tica industrial, con alto est\u00e1ndares de calidad, seguridad y eficiencia. Comprometidos con la continuidad operativa de nuestros clientes, ofrecemos un servicio\n                      personalizado oportuno y confiable, basado en la innovaci\u00f3n y mejora continua.<\/p>\n                  <\/div>\n                <\/div>\n              <\/div>\n            <\/div>\n          <\/div>\n        <\/div>\n      <\/div>\n      <div data-colibri-id=\"1120-c16\" class=\"h-row-container gutters-row-lg-2 gutters-row-md-2 gutters-row-0 gutters-row-v-lg-2 gutters-row-v-md-2 gutters-row-v-2 style-539 style-local-1120-c16 position-relative\">\n        <!---->\n        <div class=\"h-row justify-content-lg-center justify-content-md-center justify-content-center align-items-lg-stretch align-items-md-stretch align-items-stretch gutters-col-lg-2 gutters-col-md-2 gutters-col-0 gutters-col-v-lg-2 gutters-col-v-md-2 gutters-col-v-2\">\n          <!---->\n          <div class=\"h-column h-column-container d-flex h-col-lg-auto h-col-md-auto h-col-auto style-540-outer style-local-1120-c17-outer\">\n            <div data-colibri-id=\"1120-c17\" class=\"d-flex h-flex-basis h-column__inner h-px-lg-2 h-px-md-2 h-px-2 v-inner-lg-2 v-inner-md-2 v-inner-2 style-540 style-local-1120-c17 position-relative\">\n              <!---->\n              <!---->\n              <div class=\"w-100 h-y-container h-column__content h-column__v-align flex-basis-100 align-self-lg-start align-self-md-start align-self-start\">\n                <!---->\n                <div data-colibri-id=\"1120-c18\" class=\"h-global-transition-all h-heading style-541 style-local-1120-c18 position-relative h-element\">\n                  <!---->\n                  <div class=\"h-heading__outer style-541 style-local-1120-c18\">\n                    <!---->\n                    <!---->\n                    <h2 class=\"\">VISI\u00d3N<\/h2>\n                  <\/div>\n                <\/div>\n              <\/div>\n            <\/div>\n          <\/div>\n        <\/div>\n      <\/div>\n      <div data-colibri-id=\"1120-c19\" class=\"h-row-container gutters-row-lg-2 gutters-row-md-2 gutters-row-0 gutters-row-v-lg-2 gutters-row-v-md-2 gutters-row-v-2 style-542 style-local-1120-c19 position-relative\">\n        <!---->\n        <div class=\"h-row justify-content-lg-center justify-content-md-center justify-content-center align-items-lg-stretch align-items-md-stretch align-items-stretch gutters-col-lg-2 gutters-col-md-2 gutters-col-0 gutters-col-v-lg-2 gutters-col-v-md-2 gutters-col-v-2\">\n          <!---->\n          <div class=\"h-column h-column-container d-flex h-col-lg-auto h-col-md-auto h-col-auto style-543-outer style-local-1120-c20-outer\">\n            <div data-colibri-id=\"1120-c20\" class=\"d-flex h-flex-basis h-column__inner h-px-lg-2 h-px-md-2 h-px-2 v-inner-lg-2 v-inner-md-2 v-inner-2 style-543 style-local-1120-c20 position-relative\">\n              <!---->\n              <!---->\n              <div class=\"w-100 h-y-container h-column__content h-column__v-align flex-basis-100 align-self-lg-start align-self-md-start align-self-start\">\n                <!---->\n                <div data-colibri-id=\"1120-c21\" class=\"h-lead h-text h-text-component style-544 style-local-1120-c21 position-relative h-element\">\n                  <!---->\n                  <!---->\n                  <div class=\"\">\n                    <p>Ser la empresa l\u00edder en a nivel nacional en soluciones industriales, reconocida por su excelencia t\u00e9cnica, profesionalismo y compromiso con el desarrollo sostenible de nuestros clientes y del sector productivo.<\/p>\n                  <\/div>\n                <\/div>\n              <\/div>\n            <\/div>\n          <\/div>\n        <\/div>\n      <\/div>\n      <div data-colibri-id=\"1120-c22\" class=\"h-row-container gutters-row-lg-2 gutters-row-md-2 gutters-row-0 gutters-row-v-lg-2 gutters-row-v-md-2 gutters-row-v-2 style-545 style-local-1120-c22 position-relative\">\n        <!---->\n        <div class=\"h-row justify-content-lg-center justify-content-md-center justify-content-center align-items-lg-stretch align-items-md-stretch align-items-stretch gutters-col-lg-2 gutters-col-md-2 gutters-col-0 gutters-col-v-lg-2 gutters-col-v-md-2 gutters-col-v-2\">\n          <!---->\n          <div class=\"h-column h-column-container d-flex h-col-lg-auto h-col-md-auto h-col-auto style-546-outer style-local-1120-c23-outer\">\n            <div data-colibri-id=\"1120-c23\" class=\"d-flex h-flex-basis h-column__inner h-px-lg-2 h-px-md-2 h-px-2 v-inner-lg-2 v-inner-md-2 v-inner-2 style-546 style-local-1120-c23 position-relative\">\n              <!---->\n              <!---->\n              <div class=\"w-100 h-y-container h-column__content h-column__v-align flex-basis-100 align-self-lg-start align-self-md-start align-self-start\">\n                <!---->\n                <div data-colibri-id=\"1120-c24\" class=\"h-global-transition-all h-heading style-547 style-local-1120-c24 position-relative h-element\">\n                  <!---->\n                  <div class=\"h-heading__outer style-547 style-local-1120-c24\">\n                    <!---->\n                    <!---->\n                    <h2 class=\"\">VALORES<\/h2>\n                  <\/div>\n                <\/div>\n              <\/div>\n            <\/div>\n          <\/div>\n        <\/div>\n      <\/div>\n      <div data-colibri-id=\"1120-c37\" class=\"h-row-container gutters-row-lg-2 gutters-row-md-2 gutters-row-0 gutters-row-v-lg-2 gutters-row-v-md-2 gutters-row-v-2 style-555 style-local-1120-c37 position-relative\">\n        <!---->\n        <div class=\"h-row justify-content-lg-center justify-content-md-center justify-content-center align-items-lg-stretch align-items-md-stretch align-items-stretch gutters-col-lg-2 gutters-col-md-2 gutters-col-0 gutters-col-v-lg-2 gutters-col-v-md-2 gutters-col-v-2\">\n          <!---->\n          <div class=\"h-column h-column-container d-flex h-col-lg-auto h-col-md-auto h-col-auto style-556-outer style-local-1120-c38-outer\">\n            <div data-colibri-id=\"1120-c38\" class=\"d-flex h-flex-basis h-column__inner h-px-lg-2 h-px-md-2 h-px-2 v-inner-lg-2 v-inner-md-2 v-inner-2 style-556 style-local-1120-c38 position-relative\">\n              <!---->\n              <!---->\n              <div class=\"w-100 h-y-container h-column__content h-column__v-align flex-basis-100 align-self-lg-start align-self-md-start align-self-start\">\n                <!---->\n                <div data-colibri-id=\"1120-c40\" class=\"h-lead h-text h-text-component style-558 style-local-1120-c40 position-relative h-element\">\n                  <!---->\n                  <!---->\n                  <div class=\"\">\n                    <p><span style=\"font-weight: 400;\">&nbsp;<\/span><span style=\"font-weight: 400; font-size: 14px; font-family: Arial, sans-serif; color: rgb(71, 71, 71);\">\u2705&nbsp;<\/span>RESPONSABILIDAD:<\/p>\n                    <p>Asumimos con compromiso cada proyecto garantizando resultados seguros y eficientes para nuestros clientes.\n                      <br>\n                      <br>\n                    <\/p>\n                    <p><span style=\"color: rgb(71, 71, 71); font-family: Arial, sans-serif; font-size: 14px; font-weight: 400;\">&nbsp;\u2705&nbsp;<\/span>CALIDAD T\u00c9CNICA:<\/p>\n                    <p>Nos esforzamos por entregar soluciones con altos est\u00e1ndares de precisi\u00f3n, confiabilidad y excelencia profesional.<\/p>\n                    <p>\n                      <br>\n                    <\/p>\n                    <p><span style=\"color: rgb(71, 71, 71); font-family: Arial, sans-serif; font-size: 14px; font-weight: 400;\">&nbsp;\u2705&nbsp;<\/span>INNOVACI\u00d3N:<\/p>\n                    <p>Aplicamos tecnolog\u00eda avanzada y mejores pr\u00e1cticas para mejorar continuamente nuestros servicios.<\/p>\n                    <p>\n                      <br>\n                    <\/p>\n                    <p><span style=\"color: rgb(71, 71, 71); font-family: Arial, sans-serif; font-size: 14px; font-weight: 400;\">&nbsp;\u2705&nbsp;<\/span>CONFIANZA Y TRANSPARENCIA:<\/p>\n                    <p>Generamos relaciones s\u00f3lidas basadas en honestidad, respeto y comunicaci\u00f3n clara.<\/p>\n                    <p>\n                      <br>\n                    <\/p>\n                    <p><span style=\"color: rgb(71, 71, 71); font-family: Arial, sans-serif; font-size: 14px; font-weight: 400;\">&nbsp;\u2705&nbsp;<\/span>ORIENTACI\u00d3N AL CLIENTE:<\/p>\n                    <p>Nos adaptamos a las necesidades espec\u00edficas de cada cliente, ofreciendo soluciones personalizadas y eficientes<\/p>\n                  <\/div>\n                <\/div>\n              <\/div>\n            <\/div>\n          <\/div>\n        <\/div>\n      <\/div>\n    <\/div>\n  <\/div>\n  <div data-colibri-component=\"section\" data-colibri-id=\"1120-c28\" id=\"logo\" class=\"h-section h-section-global-spacing d-flex align-items-lg-center align-items-md-center align-items-center style-514 style-local-1120-c28 position-relative\">\n    <!---->\n    <!---->\n    <div class=\"h-section-grid-container h-section-boxed-container\">\n      <!---->\n      <div data-colibri-id=\"1120-c29\" class=\"h-row-container gutters-row-lg-2 gutters-row-md-2 gutters-row-0 gutters-row-v-lg-2 gutters-row-v-md-2 gutters-row-v-2 style-515 style-local-1120-c29 position-relative\">\n        <!---->\n        <div class=\"h-row justify-content-lg-center justify-content-md-center justify-content-center align-items-lg-stretch align-items-md-stretch align-items-stretch gutters-col-lg-2 gutters-col-md-2 gutters-col-0 gutters-col-v-lg-2 gutters-col-v-md-2 gutters-col-v-2\">\n          <!---->\n          <div class=\"h-column h-column-container d-flex h-col-lg-auto h-col-md-auto h-col-auto style-516-outer style-local-1120-c30-outer\">\n            <div data-colibri-id=\"1120-c30\" class=\"d-flex h-flex-basis h-column__inner h-px-lg-2 h-px-md-2 h-px-2 v-inner-lg-2 v-inner-md-2 v-inner-2 style-516 style-local-1120-c30 position-relative\">\n              <!---->\n              <!---->\n              <div class=\"w-100 h-y-container h-column__content h-column__v-align flex-basis-100 align-self-lg-start align-self-md-start align-self-start\">\n                <!---->\n                <div data-colibri-id=\"1120-c31\" class=\"d-flex align-items-center text-lg-center text-md-center text-center justify-content-lg-center justify-content-md-center justify-content-center style-517 style-local-1120-c31 position-relative h-element\">\n                  <!---->\n                  <a rel=\"home\" href=\"https:\/\/electrocarepro.cl\/\" h-use-smooth-scroll=\"true\" class=\"d-flex align-items-center\">\n                    <img decoding=\"async\" src=\"https:\/\/electrocarepro.cl\/wp-content\/uploads\/2025\/06\/cropped-1000885684-1.png\" class=\"h-logo__image h-logo__image_h logo-image style-517-image style-local-1120-c31-image\" alt=\"\" \/>\n                    <img decoding=\"async\" src=\"https:\/\/electrocarepro.cl\/wp-content\/uploads\/2025\/06\/cropped-1000885684-1.png\" class=\"h-logo__alt-image h-logo__alt-image_h logo-alt-image style-517-image style-local-1120-c31-image\" alt=\"\" \/>\n                  <\/a>\n                <\/div>\n              <\/div>\n            <\/div>\n          <\/div>\n        <\/div>\n      <\/div>\n    <\/div>\n  <\/div>\n<\/div>","protected":false},"excerpt":{"rendered":"<p>\u00bfQUI\u00c9NES SOMOS? En Electrocarepro Spa somos especialistas en soluciones integrales para tu industria. [&hellip;]<\/p>\n","protected":false},"author":1,"featured_media":0,"parent":0,"menu_order":0,"comment_status":"closed","ping_status":"closed","template":"page-templates\/full-width-page.php","meta":{"footnotes":""},"class_list":["post-1120","page","type-page","status-publish","hentry"],"_links":{"self":[{"href":"https:\/\/electrocarepro.cl\/index.php?rest_route=\/wp\/v2\/pages\/1120","targetHints":{"allow":["GET"]}}],"collection":[{"href":"https:\/\/electrocarepro.cl\/index.php?rest_route=\/wp\/v2\/pages"}],"about":[{"href":"https:\/\/electrocarepro.cl\/index.php?rest_route=\/wp\/v2\/types\/page"}],"author":[{"embeddable":true,"href":"https:\/\/electrocarepro.cl\/index.php?rest_route=\/wp\/v2\/users\/1"}],"replies":[{"embeddable":true,"href":"https:\/\/electrocarepro.cl\/index.php?rest_route=%2Fwp%2Fv2%2Fcomments&post=1120"}],"version-history":[{"count":19,"href":"https:\/\/electrocarepro.cl\/index.php?rest_route=\/wp\/v2\/pages\/1120\/revisions"}],"predecessor-version":[{"id":1285,"href":"https:\/\/electrocarepro.cl\/index.php?rest_route=\/wp\/v2\/pages\/1120\/revisions\/1285"}],"wp:attachment":[{"href":"https:\/\/electrocarepro.cl\/index.php?rest_route=%2Fwp%2Fv2%2Fmedia&parent=1120"}],"curies":[{"name":"wp","href":"https:\/\/api.w.org\/{rel}","templated":true}]}}